{"id":113540,"date":"2022-04-19T22:06:38","date_gmt":"2022-04-19T20:06:38","guid":{"rendered":"https:\/\/weilduschoenbist.de\/?page_id=113540"},"modified":"2022-04-20T22:54:55","modified_gmt":"2022-04-20T20:54:55","slug":"linktree","status":"publish","type":"page","link":"https:\/\/weilduschoenbist.de\/en_gb\/linktree\/","title":{"rendered":"Linktree"},"content":{"rendered":"<div data-elementor-type=\"wp-page\" data-elementor-id=\"113540\" class=\"elementor elementor-113540\" data-elementor-post-type=\"page\">\n\t\t\t\t\t\t<section class=\"elementor-section elementor-top-section elementor-element elementor-element-eabe7d6 elementor-section-height-full elementor-section-boxed elementor-section-height-default elementor-section-items-middle\" data-id=\"eabe7d6\" data-element_type=\"section\" data-e-type=\"section\" data-settings=\"{&quot;background_background&quot;:&quot;classic&quot;}\">\n\t\t\t\t\t\t<div class=\"elementor-container elementor-column-gap-default\">\n\t\t\t\t\t<div class=\"elementor-column elementor-col-100 elementor-top-column elementor-element elementor-element-1f8842f\" data-id=\"1f8842f\" data-element_type=\"column\" data-e-type=\"column\">\n\t\t\t<div class=\"elementor-widget-wrap elementor-element-populated\">\n\t\t\t\t\t\t<div class=\"elementor-element elementor-element-9b72e6d elementor-widget elementor-widget-image\" data-id=\"9b72e6d\" data-element_type=\"widget\" data-e-type=\"widget\" data-widget_type=\"image.default\">\n\t\t\t\t<div class=\"elementor-widget-container\">\n\t\t\t\t\t\t\t\t\t\t\t\t\t\t\t<img fetchpriority=\"high\" decoding=\"async\" width=\"423\" height=\"423\" src=\"https:\/\/weilduschoenbist.de\/wp-content\/uploads\/2022\/04\/avatar.png\" class=\"attachment-large size-large wp-image-113543\" alt=\"\" srcset=\"https:\/\/weilduschoenbist.de\/wp-content\/uploads\/2022\/04\/avatar.png 423w, https:\/\/weilduschoenbist.de\/wp-content\/uploads\/2022\/04\/avatar-300x300.png 300w, https:\/\/weilduschoenbist.de\/wp-content\/uploads\/2022\/04\/avatar-150x150.png 150w, https:\/\/weilduschoenbist.de\/wp-content\/uploads\/2022\/04\/avatar-12x12.png 12w, https:\/\/weilduschoenbist.de\/wp-content\/uploads\/2022\/04\/avatar-100x100.png 100w\" sizes=\"(max-width: 423px) 100vw, 423px\" \/>\t\t\t\t\t\t\t\t\t\t\t\t\t\t\t<\/div>\n\t\t\t\t<\/div>\n\t\t\t\t<div class=\"elementor-element elementor-element-68fe151 elementor-widget elementor-widget-heading\" data-id=\"68fe151\" data-element_type=\"widget\" data-e-type=\"widget\" data-widget_type=\"heading.default\">\n\t\t\t\t<div class=\"elementor-widget-container\">\n\t\t\t\t\t<p class=\"elementor-heading-title elementor-size-medium\"><b><i>@weilduschoenbist<\/i><\/b><\/p>\t\t\t\t<\/div>\n\t\t\t\t<\/div>\n\t\t\t\t<div class=\"elementor-element elementor-element-9d3ed25 elementor-align-center elementor-widget elementor-widget-button\" data-id=\"9d3ed25\" data-element_type=\"widget\" data-e-type=\"widget\" data-widget_type=\"button.default\">\n\t\t\t\t<div class=\"elementor-widget-container\">\n\t\t\t\t\t\t\t\t\t<div class=\"elementor-button-wrapper\">\n\t\t\t\t\t<a class=\"elementor-button elementor-button-link elementor-size-md elementor-animation-shrink\" href=\"https:\/\/weilduschoenbist.de\/en_gb\/\">\n\t\t\t\t\t\t<span class=\"elementor-button-content-wrapper\">\n\t\t\t\t\t\t\t\t\t<span class=\"elementor-button-text\">Weil Du sch\u00f6n bist Echthaarb\u00e4nder<\/span>\n\t\t\t\t\t<\/span>\n\t\t\t\t\t<\/a>\n\t\t\t\t<\/div>\n\t\t\t\t\t\t\t\t<\/div>\n\t\t\t\t<\/div>\n\t\t\t\t<div class=\"elementor-element elementor-element-8bfd3e6 elementor-align-center elementor-widget elementor-widget-button\" data-id=\"8bfd3e6\" data-element_type=\"widget\" data-e-type=\"widget\" data-widget_type=\"button.default\">\n\t\t\t\t<div class=\"elementor-widget-container\">\n\t\t\t\t\t\t\t\t\t<div class=\"elementor-button-wrapper\">\n\t\t\t\t\t<a class=\"elementor-button elementor-button-link elementor-size-md elementor-animation-shrink\" href=\"https:\/\/www.youtube.com\/watch?v=L9YRVSYbw-Y\">\n\t\t\t\t\t\t<span class=\"elementor-button-content-wrapper\">\n\t\t\t\t\t\t\t\t\t<span class=\"elementor-button-text\">Echthaarband Vorstellung | Brustkrebs | Alternative Per\u00fccke<\/span>\n\t\t\t\t\t<\/span>\n\t\t\t\t\t<\/a>\n\t\t\t\t<\/div>\n\t\t\t\t\t\t\t\t<\/div>\n\t\t\t\t<\/div>\n\t\t\t\t<div class=\"elementor-element elementor-element-950a62f elementor-align-center elementor-widget elementor-widget-button\" data-id=\"950a62f\" data-element_type=\"widget\" data-e-type=\"widget\" data-widget_type=\"button.default\">\n\t\t\t\t<div class=\"elementor-widget-container\">\n\t\t\t\t\t\t\t\t\t<div class=\"elementor-button-wrapper\">\n\t\t\t\t\t<a class=\"elementor-button elementor-button-link elementor-size-md elementor-animation-shrink\" href=\"https:\/\/www.youtube.com\/c\/Weildusch%C3%B6nbist\">\n\t\t\t\t\t\t<span class=\"elementor-button-content-wrapper\">\n\t\t\t\t\t\t\t\t\t<span class=\"elementor-button-text\">YouTube-Kanal<\/span>\n\t\t\t\t\t<\/span>\n\t\t\t\t\t<\/a>\n\t\t\t\t<\/div>\n\t\t\t\t\t\t\t\t<\/div>\n\t\t\t\t<\/div>\n\t\t\t\t<div class=\"elementor-element elementor-element-38d2e6a elementor-align-center elementor-widget elementor-widget-button\" data-id=\"38d2e6a\" data-element_type=\"widget\" data-e-type=\"widget\" data-widget_type=\"button.default\">\n\t\t\t\t<div class=\"elementor-widget-container\">\n\t\t\t\t\t\t\t\t\t<div class=\"elementor-button-wrapper\">\n\t\t\t\t\t<a class=\"elementor-button elementor-button-link elementor-size-md elementor-animation-shrink\" href=\"https:\/\/www.amazon.de\/dp\/3745913523\/ref=sr_1_2?__mk_de_DE=%C3%85M%C3%85%C5%BD%C3%95%C3%91&#038;crid=2ROY3ZAR0B45B&#038;keywords=Julia+Aurelia+Seelenreise&#038;qid=1650105594&#038;sprefix=julia+aurelia+seelenreise%2Caps%2C86&#038;sr=8-2\">\n\t\t\t\t\t\t<span class=\"elementor-button-content-wrapper\">\n\t\t\t\t\t\t\t\t\t<span class=\"elementor-button-text\">Seelenreise Tarot Deck<\/span>\n\t\t\t\t\t<\/span>\n\t\t\t\t\t<\/a>\n\t\t\t\t<\/div>\n\t\t\t\t\t\t\t\t<\/div>\n\t\t\t\t<\/div>\n\t\t\t\t<div class=\"elementor-element elementor-element-f9400c0 elementor-align-center elementor-widget elementor-widget-button\" data-id=\"f9400c0\" data-element_type=\"widget\" data-e-type=\"widget\" data-widget_type=\"button.default\">\n\t\t\t\t<div class=\"elementor-widget-container\">\n\t\t\t\t\t\t\t\t\t<div class=\"elementor-button-wrapper\">\n\t\t\t\t\t<a class=\"elementor-button elementor-button-link elementor-size-md elementor-animation-shrink\" href=\"https:\/\/www.amazon.de\/Seelenreise-spirituelle-Weiterentwicklung-kraftvollen-Meditationen\/dp\/3745913515\/ref=sr_1_1?__mk_de_DE=%C3%85M%C3%85%C5%BD%C3%95%C3%91&#038;crid=2ROY3ZAR0B45B&#038;keywords=Julia+Aurelia+Seelenreise&#038;qid=1650105454&#038;sprefix=julia+aurelia+seelenr\">\n\t\t\t\t\t\t<span class=\"elementor-button-content-wrapper\">\n\t\t\t\t\t\t\t\t\t<span class=\"elementor-button-text\">Seelenreise Buch Tarot &amp; Meditationen<\/span>\n\t\t\t\t\t<\/span>\n\t\t\t\t\t<\/a>\n\t\t\t\t<\/div>\n\t\t\t\t\t\t\t\t<\/div>\n\t\t\t\t<\/div>\n\t\t\t\t\t<\/div>\n\t\t<\/div>\n\t\t\t\t\t<\/div>\n\t\t<\/section>\n\t\t\t\t<\/div>","protected":false},"excerpt":{"rendered":"<p>@weilduschoenbist Weil Du sch\u00f6n bist Echthaarb\u00e4nder Echthaarband Vorstellung | Brustkrebs | Alternative Per\u00fccke YouTube-Kanal Seelenreise Tarot Deck Seelenreise Buch Tarot &#038; Meditationen<\/p>","protected":false},"author":9,"featured_media":0,"parent":0,"menu_order":0,"comment_status":"closed","ping_status":"closed","template":"elementor_canvas","meta":{"footnotes":""},"class_list":["post-113540","page","type-page","status-publish","hentry"],"_links":{"self":[{"href":"https:\/\/weilduschoenbist.de\/en_gb\/wp-json\/wp\/v2\/pages\/113540","targetHints":{"allow":["GET"]}}],"collection":[{"href":"https:\/\/weilduschoenbist.de\/en_gb\/wp-json\/wp\/v2\/pages"}],"about":[{"href":"https:\/\/weilduschoenbist.de\/en_gb\/wp-json\/wp\/v2\/types\/page"}],"author":[{"embeddable":true,"href":"https:\/\/weilduschoenbist.de\/en_gb\/wp-json\/wp\/v2\/users\/9"}],"replies":[{"embeddable":true,"href":"https:\/\/weilduschoenbist.de\/en_gb\/wp-json\/wp\/v2\/comments?post=113540"}],"version-history":[{"count":5,"href":"https:\/\/weilduschoenbist.de\/en_gb\/wp-json\/wp\/v2\/pages\/113540\/revisions"}],"predecessor-version":[{"id":113562,"href":"https:\/\/weilduschoenbist.de\/en_gb\/wp-json\/wp\/v2\/pages\/113540\/revisions\/113562"}],"wp:attachment":[{"href":"https:\/\/weilduschoenbist.de\/en_gb\/wp-json\/wp\/v2\/media?parent=113540"}],"curies":[{"name":"wp","href":"https:\/\/api.w.org\/{rel}","templated":true}]}}