{"id":11162,"date":"2016-03-13T17:52:28","date_gmt":"2016-03-13T17:52:28","guid":{"rendered":"http:\/\/weilduschoenbist.de\/?page_id=11162"},"modified":"2016-03-13T17:52:28","modified_gmt":"2016-03-13T17:52:28","slug":"schwangerschaft-und-krebs","status":"publish","type":"page","link":"https:\/\/weilduschoenbist.de\/en_gb\/schwangerschaft-und-krebs\/","title":{"rendered":"Krebs w\u00e4hrend der Schwangerschaft"},"content":{"rendered":"<h2><b>Die Schwangerschaft &#8211; eine Zeit, in der neues Leben beginnt. <\/b><b>Doch was passiert, wenn zeitgleich etwas T\u00f6dliches im <\/b><b>K\u00f6rper w\u00e4chst?<\/b><\/h2>\n<div><\/div>\n<div>Z\u00e4rtlich streichelt sie \u00fcber ihren Bauch, der sich bereits w\u00f6lbt. Sie fl\u00fcstert mit heiserer, zitternder Stimme: \u201eMein Kind, Dir wird nichts passieren. Daf\u00fcr werde ich sorgen.\u201c Dann bricht sie in Tr\u00e4nen aus&#8230;<\/div>\n<div><\/div>\n<div><\/div>\n<div>***<\/div>\n<div><\/div>\n<div>Erz\u00e4hlung einer 33-j\u00e4hrigen Mutter, die in ihrer Schwangerschaft eine furchtbare Diagnose erh\u00e4lt. Ein aggressiver Krebs w\u00e4chst in ihrer Brust. Kann das Wachstum gestoppt werden? Denn gestreut hat der Krebs bereits&#8230;<\/div>\n<div><\/div>\n<div><\/div>\n<div>Sie entschlie\u00dft sich zu einer Chemotherapie, denn sie will leben &#8211; und ihr Kind soll es auch. Ein unvorstellbar schwieriger Weg voller H\u00f6hen und Tiefen beginnt. Aber auch eine Zeit voller N\u00e4he &#8211; N\u00e4he zu ihrem ungeborenen Kind.<\/div>\n<div><\/div>\n<h3>Eine wahre Geschichte, die Mut machen soll.<\/h3>\n<div>\n<p>Sandra R\u00f6pe, geboren im Jahr 1982, lebt mit ihrer Familie in einer kleinen Stadt in Niedersachsen. Dieses Buch ist ihr erster Roman. Es handelt sich um eine wahre Geschichte aus ihrem Leben. Zur Internetseite von Sandra auf der ihr Leseproben findet und das Buch vorbestellen k\u00f6nnt, geht es hier:<\/p>\n<h2 style=\"text-align: center;\"><span style=\"color: #993366;\"><a title=\"Babybauch und Chemoglatze\" href=\"http:\/\/www.babybauchundchemoglatze.de\/\" target=\"_blank\" rel=\"noopener noreferrer\"><span style=\"color: #993366;\">Babybauch und Chemoglatze<\/span><\/a><\/span><\/h2>\n<\/div>","protected":false},"excerpt":{"rendered":"<p>Die Schwangerschaft &#8211; eine Zeit, in der neues Leben beginnt. Doch was passiert, wenn zeitgleich etwas T\u00f6dliches im K\u00f6rper w\u00e4chst? Z\u00e4rtlich streichelt sie \u00fcber ihren Bauch, der sich bereits w\u00f6lbt. Sie fl\u00fcstert mit heiserer, zitternder Stimme: \u201eMein Kind, Dir wird nichts passieren. Daf\u00fcr werde ich sorgen.\u201c Dann bricht sie in Tr\u00e4nen aus&#8230; *** Erz\u00e4hlung einer [&hellip;]<\/p>\n","protected":false},"author":2,"featured_media":0,"parent":0,"menu_order":0,"comment_status":"open","ping_status":"open","template":"","meta":{"footnotes":""},"class_list":["post-11162","page","type-page","status-publish","hentry"],"_links":{"self":[{"href":"https:\/\/weilduschoenbist.de\/en_gb\/wp-json\/wp\/v2\/pages\/11162","targetHints":{"allow":["GET"]}}],"collection":[{"href":"https:\/\/weilduschoenbist.de\/en_gb\/wp-json\/wp\/v2\/pages"}],"about":[{"href":"https:\/\/weilduschoenbist.de\/en_gb\/wp-json\/wp\/v2\/types\/page"}],"author":[{"embeddable":true,"href":"https:\/\/weilduschoenbist.de\/en_gb\/wp-json\/wp\/v2\/users\/2"}],"replies":[{"embeddable":true,"href":"https:\/\/weilduschoenbist.de\/en_gb\/wp-json\/wp\/v2\/comments?post=11162"}],"version-history":[{"count":0,"href":"https:\/\/weilduschoenbist.de\/en_gb\/wp-json\/wp\/v2\/pages\/11162\/revisions"}],"wp:attachment":[{"href":"https:\/\/weilduschoenbist.de\/en_gb\/wp-json\/wp\/v2\/media?parent=11162"}],"curies":[{"name":"wp","href":"https:\/\/api.w.org\/{rel}","templated":true}]}}