{"id":10296,"date":"2014-11-29T21:42:36","date_gmt":"2014-11-29T21:42:36","guid":{"rendered":"http:\/\/weilduschoenbist.de\/?page_id=10296"},"modified":"2014-11-29T21:42:36","modified_gmt":"2014-11-29T21:42:36","slug":"lebensberatung","status":"publish","type":"page","link":"https:\/\/weilduschoenbist.de\/en_gb\/lebensberatung\/","title":{"rendered":"Krisen als Chance nutzen"},"content":{"rendered":"<h3>Krisen as Chance nutzen<\/h3>\n<p>Das Leben verl\u00e4uft in Wellen und unterliegt permanenten Ver\u00e4nderungen. In manchen Zeiten sind wir oben auf der Welle und es geht uns gut. Und pl\u00f6tzlich fallen wir runter ins Tal und alles scheint pl\u00f6tzlich anstrengend und schwer. Doch dies sind die Momente, die uns fordern, an denen wir wachsen. Jede Krise birgt auch eine Chance f\u00fcr Wachstum und Weiterentwicklung. Oftmals wollen oder k\u00f6nnen wir das in den Momenten noch nicht sehen, denn Traurigkeit, Verletzungen, Angst, Wut oder andere Emotionen und Gef\u00fchle k\u00f6nnen unsere Sicht einschr\u00e4nken und vernebeln. Durch viele Situationen schaffen wir es alleine oder mit der Hilfe unseres Umfeldes. Doch manchmal braucht man Impulse von au\u00dfen um wieder eine klare Sicht zu bekommen und damit wieder neue Kraft, Mut und Zuversicht zu erlangen.<\/p>\n<p>Da ich mittlerweile in England wohne, nutze ich gerne Whatsapp oder Whatsapp Anrufe um die Beratungen zu machen. Eine Stunde liegt bei 44 Euro.<\/p>\n<h3><\/h3>","protected":false},"excerpt":{"rendered":"<p>Krisen as Chance nutzen Das Leben verl\u00e4uft in Wellen und unterliegt permanenten Ver\u00e4nderungen. In manchen Zeiten sind wir oben auf der Welle und es geht uns gut. Und pl\u00f6tzlich fallen wir runter ins Tal und alles scheint pl\u00f6tzlich anstrengend und schwer. Doch dies sind die Momente, die uns fordern, an denen wir wachsen. Jede Krise [&hellip;]<\/p>\n","protected":false},"author":2,"featured_media":0,"parent":0,"menu_order":0,"comment_status":"open","ping_status":"open","template":"","meta":{"footnotes":""},"class_list":["post-10296","page","type-page","status-publish","hentry"],"_links":{"self":[{"href":"https:\/\/weilduschoenbist.de\/en_gb\/wp-json\/wp\/v2\/pages\/10296","targetHints":{"allow":["GET"]}}],"collection":[{"href":"https:\/\/weilduschoenbist.de\/en_gb\/wp-json\/wp\/v2\/pages"}],"about":[{"href":"https:\/\/weilduschoenbist.de\/en_gb\/wp-json\/wp\/v2\/types\/page"}],"author":[{"embeddable":true,"href":"https:\/\/weilduschoenbist.de\/en_gb\/wp-json\/wp\/v2\/users\/2"}],"replies":[{"embeddable":true,"href":"https:\/\/weilduschoenbist.de\/en_gb\/wp-json\/wp\/v2\/comments?post=10296"}],"version-history":[{"count":0,"href":"https:\/\/weilduschoenbist.de\/en_gb\/wp-json\/wp\/v2\/pages\/10296\/revisions"}],"wp:attachment":[{"href":"https:\/\/weilduschoenbist.de\/en_gb\/wp-json\/wp\/v2\/media?parent=10296"}],"curies":[{"name":"wp","href":"https:\/\/api.w.org\/{rel}","templated":true}]}}